{"id":29,"date":"2023-11-09T06:54:50","date_gmt":"2023-11-09T12:54:50","guid":{"rendered":"https:\/\/wheat-dogfish-285716.hostingersite.com\/?page_id=29"},"modified":"2024-09-06T13:11:00","modified_gmt":"2024-09-06T19:11:00","slug":"quienes-somos","status":"publish","type":"page","link":"https:\/\/vilkair.com\/?page_id=29","title":{"rendered":"Qui\u00e9nes somos"},"content":{"rendered":"\t\t<div data-elementor-type=\"wp-page\" data-elementor-id=\"29\" class=\"elementor elementor-29\">\n\t\t\t\t\t\t<section class=\"elementor-section elementor-top-section elementor-element elementor-element-3149584 elementor-section-full_width elementor-section-height-min-height elementor-section-items-top elementor-section-content-top elementor-section-height-default\" data-id=\"3149584\" data-element_type=\"section\" data-e-type=\"section\">\n\t\t\t\t\t\t<div class=\"elementor-container elementor-column-gap-no\">\n\t\t\t\t\t<div class=\"elementor-column elementor-col-100 elementor-top-column elementor-element elementor-element-ae3aa60\" data-id=\"ae3aa60\" data-element_type=\"column\" data-e-type=\"column\">\n\t\t\t<div class=\"elementor-widget-wrap elementor-element-populated\">\n\t\t\t\t\t\t<div class=\"elementor-element elementor-element-dc6c1df elementor-widget elementor-widget-text-editor\" data-id=\"dc6c1df\" data-element_type=\"widget\" data-e-type=\"widget\" data-widget_type=\"text-editor.default\">\n\t\t\t\t<div class=\"elementor-widget-container\">\n\t\t\t\t\t\t\t\t\t<h2>Qui\u00e9nes somos<\/h2><p>A lo largo de 25 a\u00f1os dentro del mercado, nuestro objetivo ha sido el conocer las necesidades espec\u00edficas que tienen nuestros clientes.<\/p><p>Por ello ofrecemos un excelente servicio, garantizando un suministro r\u00e1pido, seguro y confiable.<\/p>\t\t\t\t\t\t\t\t<\/div>\n\t\t\t\t<\/div>\n\t\t\t\t\t<\/div>\n\t\t<\/div>\n\t\t\t\t\t<\/div>\n\t\t<\/section>\n\t\t\t\t<\/div>\n\t\t","protected":false},"excerpt":{"rendered":"<p>Qui\u00e9nes somos A lo largo de 25 a\u00f1os dentro del mercado, nuestro objetivo ha sido el conocer las necesidades espec\u00edficas que tienen nuestros clientes. Por ello ofrecemos un excelente servicio, garantizando un suministro r\u00e1pido, seguro y confiable.<\/p>\n","protected":false},"author":1,"featured_media":0,"parent":0,"menu_order":0,"comment_status":"closed","ping_status":"closed","template":"elementor_header_footer","meta":{"footnotes":""},"class_list":["post-29","page","type-page","status-publish","hentry"],"_hostinger_reach_plugin_has_subscription_block":false,"_hostinger_reach_plugin_is_elementor":false,"_links":{"self":[{"href":"https:\/\/vilkair.com\/index.php?rest_route=\/wp\/v2\/pages\/29","targetHints":{"allow":["GET"]}}],"collection":[{"href":"https:\/\/vilkair.com\/index.php?rest_route=\/wp\/v2\/pages"}],"about":[{"href":"https:\/\/vilkair.com\/index.php?rest_route=\/wp\/v2\/types\/page"}],"author":[{"embeddable":true,"href":"https:\/\/vilkair.com\/index.php?rest_route=\/wp\/v2\/users\/1"}],"replies":[{"embeddable":true,"href":"https:\/\/vilkair.com\/index.php?rest_route=%2Fwp%2Fv2%2Fcomments&post=29"}],"version-history":[{"count":17,"href":"https:\/\/vilkair.com\/index.php?rest_route=\/wp\/v2\/pages\/29\/revisions"}],"predecessor-version":[{"id":280,"href":"https:\/\/vilkair.com\/index.php?rest_route=\/wp\/v2\/pages\/29\/revisions\/280"}],"wp:attachment":[{"href":"https:\/\/vilkair.com\/index.php?rest_route=%2Fwp%2Fv2%2Fmedia&parent=29"}],"curies":[{"name":"wp","href":"https:\/\/api.w.org\/{rel}","templated":true}]}}