{"id":32,"date":"2023-11-09T06:55:01","date_gmt":"2023-11-09T12:55:01","guid":{"rendered":"https:\/\/wheat-dogfish-285716.hostingersite.com\/?page_id=32"},"modified":"2024-09-06T13:09:35","modified_gmt":"2024-09-06T19:09:35","slug":"servicios","status":"publish","type":"page","link":"https:\/\/vilkair.com\/?page_id=32","title":{"rendered":"Servicios"},"content":{"rendered":"\t\t<div data-elementor-type=\"wp-page\" data-elementor-id=\"32\" class=\"elementor elementor-32\">\n\t\t\t\t\t\t<section class=\"elementor-section elementor-top-section elementor-element elementor-element-261c9bf elementor-section-full_width elementor-section-height-min-height elementor-section-items-top elementor-section-content-top elementor-section-height-default\" data-id=\"261c9bf\" data-element_type=\"section\" data-e-type=\"section\">\n\t\t\t\t\t\t<div class=\"elementor-container elementor-column-gap-no\">\n\t\t\t\t\t<div class=\"elementor-column elementor-col-100 elementor-top-column elementor-element elementor-element-4070f5b\" data-id=\"4070f5b\" data-element_type=\"column\" data-e-type=\"column\">\n\t\t\t<div class=\"elementor-widget-wrap elementor-element-populated\">\n\t\t\t\t\t\t<div class=\"elementor-element elementor-element-221e81d elementor-widget elementor-widget-text-editor\" data-id=\"221e81d\" data-element_type=\"widget\" data-e-type=\"widget\" data-widget_type=\"text-editor.default\">\n\t\t\t\t<div class=\"elementor-widget-container\">\n\t\t\t\t\t\t\t\t\t<h2>Servicios<\/h2>\nSuministro y distribuci\u00f3n de gases industriales, especiales y m\u00e9dicos.\n\nContamos con un taller propio para brindarle servicio de reparaci\u00f3n y mantenimiento de:\n<ul>\n \t<li>m\u00e1quinas de soldar<\/li>\n \t<li>m\u00e1quinas de corte<\/li>\n \t<li>reguladores<\/li>\n \t<li>antorchas<\/li>\n \t<li>generadores de gasolina y diesel<\/li>\n \t<li>inversores<\/li>\n<\/ul>\n<p><h5>Estamos expandiendo nuestra l\u00ednea de servicios, regrese pronto por favor.<\/h5><\/p>\t\t\t\t\t\t\t\t<\/div>\n\t\t\t\t<\/div>\n\t\t\t\t\t<\/div>\n\t\t<\/div>\n\t\t\t\t\t<\/div>\n\t\t<\/section>\n\t\t\t\t<\/div>\n\t\t","protected":false},"excerpt":{"rendered":"<p>Servicios Suministro y distribuci\u00f3n de gases industriales, especiales y m\u00e9dicos. Contamos con un taller propio para brindarle servicio de reparaci\u00f3n y mantenimiento de: m\u00e1quinas de soldar m\u00e1quinas de corte reguladores antorchas generadores de gasolina y diesel inversores Estamos expandiendo nuestra l\u00ednea de servicios, regrese pronto por favor.<\/p>\n","protected":false},"author":1,"featured_media":0,"parent":0,"menu_order":0,"comment_status":"closed","ping_status":"closed","template":"elementor_header_footer","meta":{"footnotes":""},"class_list":["post-32","page","type-page","status-publish","hentry"],"_hostinger_reach_plugin_has_subscription_block":false,"_hostinger_reach_plugin_is_elementor":false,"_links":{"self":[{"href":"https:\/\/vilkair.com\/index.php?rest_route=\/wp\/v2\/pages\/32","targetHints":{"allow":["GET"]}}],"collection":[{"href":"https:\/\/vilkair.com\/index.php?rest_route=\/wp\/v2\/pages"}],"about":[{"href":"https:\/\/vilkair.com\/index.php?rest_route=\/wp\/v2\/types\/page"}],"author":[{"embeddable":true,"href":"https:\/\/vilkair.com\/index.php?rest_route=\/wp\/v2\/users\/1"}],"replies":[{"embeddable":true,"href":"https:\/\/vilkair.com\/index.php?rest_route=%2Fwp%2Fv2%2Fcomments&post=32"}],"version-history":[{"count":29,"href":"https:\/\/vilkair.com\/index.php?rest_route=\/wp\/v2\/pages\/32\/revisions"}],"predecessor-version":[{"id":277,"href":"https:\/\/vilkair.com\/index.php?rest_route=\/wp\/v2\/pages\/32\/revisions\/277"}],"wp:attachment":[{"href":"https:\/\/vilkair.com\/index.php?rest_route=%2Fwp%2Fv2%2Fmedia&parent=32"}],"curies":[{"name":"wp","href":"https:\/\/api.w.org\/{rel}","templated":true}]}}